{"id":305,"date":"2022-11-16T20:22:32","date_gmt":"2022-11-16T23:22:32","guid":{"rendered":"https:\/\/ceged.com.br\/?page_id=305"},"modified":"2024-12-10T13:42:45","modified_gmt":"2024-12-10T16:42:45","slug":"corpo-clinico-gastroenterologia","status":"publish","type":"page","link":"https:\/\/ceged.com.br\/site\/corpo-clinico-gastroenterologia\/","title":{"rendered":"Corpo cl\u00ednico &#8211; Gastroenterologia"},"content":{"rendered":"\t\t<div data-elementor-type=\"wp-page\" data-elementor-id=\"305\" class=\"elementor elementor-305\" data-elementor-post-type=\"page\">\n\t\t\t\t\t\t<section class=\"elementor-section elementor-top-section elementor-element elementor-element-2088d8d elementor-section-boxed elementor-section-height-default elementor-section-height-default wpr-particle-no wpr-jarallax-no wpr-parallax-no wpr-sticky-section-no\" data-id=\"2088d8d\" data-element_type=\"section\">\n\t\t\t\t\t\t<div class=\"elementor-container elementor-column-gap-default\">\n\t\t\t\t\t<div class=\"elementor-column elementor-col-100 elementor-top-column elementor-element elementor-element-0fff47d\" data-id=\"0fff47d\" data-element_type=\"column\">\n\t\t\t<div class=\"elementor-widget-wrap elementor-element-populated\">\n\t\t\t\t\t\t<div class=\"elementor-element elementor-element-5dbb8ae elementor-widget elementor-widget-heading\" data-id=\"5dbb8ae\" data-element_type=\"widget\" data-widget_type=\"heading.default\">\n\t\t\t\t<div class=\"elementor-widget-container\">\n\t\t\t<h1 class=\"elementor-heading-title elementor-size-default\">Corpo Cl\u00ednico - Gastroenterologia<\/h1>\t\t<\/div>\n\t\t\t\t<\/div>\n\t\t\t\t<div class=\"elementor-element elementor-element-45f8de2 elementor-widget elementor-widget-text-editor\" data-id=\"45f8de2\" data-element_type=\"widget\" data-widget_type=\"text-editor.default\">\n\t\t\t\t<div class=\"elementor-widget-container\">\n\t\t\t\t\t\t\t<p style=\"text-align: center;\">Refer\u00eancia em Gastroenterologia em Curitiba com Equipe Especializada e Estrutura Completa para Consultas e Exames.<\/p>\t\t\t\t\t\t<\/div>\n\t\t\t\t<\/div>\n\t\t\t\t\t<\/div>\n\t\t<\/div>\n\t\t\t\t\t<\/div>\n\t\t<\/section>\n\t\t\t\t<\/div>\n\t\t","protected":false},"excerpt":{"rendered":"<p>Corpo Cl\u00ednico &#8211; Gastroenterologia Refer\u00eancia em Gastroenterologia em Curitiba com Equipe Especializada e Estrutura Completa para Consultas e Exames.<\/p>\n","protected":false},"author":1,"featured_media":0,"parent":0,"menu_order":0,"comment_status":"closed","ping_status":"closed","template":"clinico-gastro.php","meta":{"footnotes":""},"class_list":["post-305","page","type-page","status-publish","hentry"],"yoast_head":"<!-- This site is optimized with the Yoast SEO plugin v23.4 - https:\/\/yoast.com\/wordpress\/plugins\/seo\/ -->\n<title>Corpo cl\u00ednico - Gastroenterologia - Ceged<\/title>\n<meta name=\"description\" content=\"Conhe\u00e7a o corpo cl\u00ednico - Gastroenterologia - CEGED - Centro de Gastroenterologia e Endoscopia Digestiva\" \/>\n<meta name=\"robots\" content=\"index, follow, max-snippet:-1, max-image-preview:large, max-video-preview:-1\" \/>\n<link rel=\"canonical\" href=\"https:\/\/ceged.com.br\/site\/corpo-clinico-gastroenterologia\/\" \/>\n<meta property=\"og:locale\" content=\"pt_BR\" \/>\n<meta property=\"og:type\" content=\"article\" \/>\n<meta property=\"og:title\" content=\"Corpo cl\u00ednico - Gastroenterologia - Ceged\" \/>\n<meta property=\"og:description\" content=\"Conhe\u00e7a o corpo cl\u00ednico - Gastroenterologia - CEGED - Centro de Gastroenterologia e Endoscopia Digestiva\" \/>\n<meta property=\"og:url\" content=\"https:\/\/ceged.com.br\/site\/corpo-clinico-gastroenterologia\/\" \/>\n<meta property=\"og:site_name\" content=\"Ceged\" \/>\n<meta property=\"article:publisher\" content=\"https:\/\/www.facebook.com\/CEGEDgastroeendoscopia\/\" \/>\n<meta property=\"article:modified_time\" content=\"2024-12-10T16:42:45+00:00\" \/>\n<meta name=\"twitter:card\" content=\"summary_large_image\" \/>\n<meta name=\"twitter:label1\" content=\"Est. tempo de leitura\" \/>\n\t<meta name=\"twitter:data1\" content=\"1 minuto\" \/>\n<script type=\"application\/ld+json\" class=\"yoast-schema-graph\">{\"@context\":\"https:\/\/schema.org\",\"@graph\":[{\"@type\":\"WebPage\",\"@id\":\"https:\/\/ceged.com.br\/site\/corpo-clinico-gastroenterologia\/\",\"url\":\"https:\/\/ceged.com.br\/site\/corpo-clinico-gastroenterologia\/\",\"name\":\"Corpo cl\u00ednico - Gastroenterologia - Ceged\",\"isPartOf\":{\"@id\":\"https:\/\/ceged.com.br\/site\/#website\"},\"datePublished\":\"2022-11-16T23:22:32+00:00\",\"dateModified\":\"2024-12-10T16:42:45+00:00\",\"description\":\"Conhe\u00e7a o corpo cl\u00ednico - Gastroenterologia - CEGED - Centro de Gastroenterologia e Endoscopia Digestiva\",\"breadcrumb\":{\"@id\":\"https:\/\/ceged.com.br\/site\/corpo-clinico-gastroenterologia\/#breadcrumb\"},\"inLanguage\":\"pt-BR\",\"potentialAction\":[{\"@type\":\"ReadAction\",\"target\":[\"https:\/\/ceged.com.br\/site\/corpo-clinico-gastroenterologia\/\"]}]},{\"@type\":\"BreadcrumbList\",\"@id\":\"https:\/\/ceged.com.br\/site\/corpo-clinico-gastroenterologia\/#breadcrumb\",\"itemListElement\":[{\"@type\":\"ListItem\",\"position\":1,\"name\":\"In\u00edcio\",\"item\":\"https:\/\/ceged.com.br\/site\/\"},{\"@type\":\"ListItem\",\"position\":2,\"name\":\"Corpo cl\u00ednico &#8211; Gastroenterologia\"}]},{\"@type\":\"WebSite\",\"@id\":\"https:\/\/ceged.com.br\/site\/#website\",\"url\":\"https:\/\/ceged.com.br\/site\/\",\"name\":\"Ceged\",\"description\":\"Centro de Gastroenterologia e Endoscopia Digestiva\",\"publisher\":{\"@id\":\"https:\/\/ceged.com.br\/site\/#organization\"},\"potentialAction\":[{\"@type\":\"SearchAction\",\"target\":{\"@type\":\"EntryPoint\",\"urlTemplate\":\"https:\/\/ceged.com.br\/site\/?s={search_term_string}\"},\"query-input\":{\"@type\":\"PropertyValueSpecification\",\"valueRequired\":true,\"valueName\":\"search_term_string\"}}],\"inLanguage\":\"pt-BR\"},{\"@type\":\"Organization\",\"@id\":\"https:\/\/ceged.com.br\/site\/#organization\",\"name\":\"Ceged\",\"url\":\"https:\/\/ceged.com.br\/site\/\",\"logo\":{\"@type\":\"ImageObject\",\"inLanguage\":\"pt-BR\",\"@id\":\"https:\/\/ceged.com.br\/site\/#\/schema\/logo\/image\/\",\"url\":\"https:\/\/ceged.com.br\/wp-content\/uploads\/2024\/09\/ceged-centro-de-gastroenterologia-e-endoscopia-digestiva-logo.png\",\"contentUrl\":\"https:\/\/ceged.com.br\/wp-content\/uploads\/2024\/09\/ceged-centro-de-gastroenterologia-e-endoscopia-digestiva-logo.png\",\"width\":202,\"height\":70,\"caption\":\"Ceged\"},\"image\":{\"@id\":\"https:\/\/ceged.com.br\/site\/#\/schema\/logo\/image\/\"},\"sameAs\":[\"https:\/\/www.facebook.com\/CEGEDgastroeendoscopia\/\",\"https:\/\/www.instagram.com\/ceged_gastro.endoscopia\/\"]}]}<\/script>\n<!-- \/ Yoast SEO plugin. -->","yoast_head_json":{"title":"Corpo cl\u00ednico - Gastroenterologia - Ceged","description":"Conhe\u00e7a o corpo cl\u00ednico - Gastroenterologia - CEGED - Centro de Gastroenterologia e Endoscopia Digestiva","robots":{"index":"index","follow":"follow","max-snippet":"max-snippet:-1","max-image-preview":"max-image-preview:large","max-video-preview":"max-video-preview:-1"},"canonical":"https:\/\/ceged.com.br\/site\/corpo-clinico-gastroenterologia\/","og_locale":"pt_BR","og_type":"article","og_title":"Corpo cl\u00ednico - Gastroenterologia - Ceged","og_description":"Conhe\u00e7a o corpo cl\u00ednico - Gastroenterologia - CEGED - Centro de Gastroenterologia e Endoscopia Digestiva","og_url":"https:\/\/ceged.com.br\/site\/corpo-clinico-gastroenterologia\/","og_site_name":"Ceged","article_publisher":"https:\/\/www.facebook.com\/CEGEDgastroeendoscopia\/","article_modified_time":"2024-12-10T16:42:45+00:00","twitter_card":"summary_large_image","twitter_misc":{"Est. tempo de leitura":"1 minuto"},"schema":{"@context":"https:\/\/schema.org","@graph":[{"@type":"WebPage","@id":"https:\/\/ceged.com.br\/site\/corpo-clinico-gastroenterologia\/","url":"https:\/\/ceged.com.br\/site\/corpo-clinico-gastroenterologia\/","name":"Corpo cl\u00ednico - Gastroenterologia - Ceged","isPartOf":{"@id":"https:\/\/ceged.com.br\/site\/#website"},"datePublished":"2022-11-16T23:22:32+00:00","dateModified":"2024-12-10T16:42:45+00:00","description":"Conhe\u00e7a o corpo cl\u00ednico - Gastroenterologia - CEGED - Centro de Gastroenterologia e Endoscopia Digestiva","breadcrumb":{"@id":"https:\/\/ceged.com.br\/site\/corpo-clinico-gastroenterologia\/#breadcrumb"},"inLanguage":"pt-BR","potentialAction":[{"@type":"ReadAction","target":["https:\/\/ceged.com.br\/site\/corpo-clinico-gastroenterologia\/"]}]},{"@type":"BreadcrumbList","@id":"https:\/\/ceged.com.br\/site\/corpo-clinico-gastroenterologia\/#breadcrumb","itemListElement":[{"@type":"ListItem","position":1,"name":"In\u00edcio","item":"https:\/\/ceged.com.br\/site\/"},{"@type":"ListItem","position":2,"name":"Corpo cl\u00ednico &#8211; Gastroenterologia"}]},{"@type":"WebSite","@id":"https:\/\/ceged.com.br\/site\/#website","url":"https:\/\/ceged.com.br\/site\/","name":"Ceged","description":"Centro de Gastroenterologia e Endoscopia Digestiva","publisher":{"@id":"https:\/\/ceged.com.br\/site\/#organization"},"potentialAction":[{"@type":"SearchAction","target":{"@type":"EntryPoint","urlTemplate":"https:\/\/ceged.com.br\/site\/?s={search_term_string}"},"query-input":{"@type":"PropertyValueSpecification","valueRequired":true,"valueName":"search_term_string"}}],"inLanguage":"pt-BR"},{"@type":"Organization","@id":"https:\/\/ceged.com.br\/site\/#organization","name":"Ceged","url":"https:\/\/ceged.com.br\/site\/","logo":{"@type":"ImageObject","inLanguage":"pt-BR","@id":"https:\/\/ceged.com.br\/site\/#\/schema\/logo\/image\/","url":"https:\/\/ceged.com.br\/wp-content\/uploads\/2024\/09\/ceged-centro-de-gastroenterologia-e-endoscopia-digestiva-logo.png","contentUrl":"https:\/\/ceged.com.br\/wp-content\/uploads\/2024\/09\/ceged-centro-de-gastroenterologia-e-endoscopia-digestiva-logo.png","width":202,"height":70,"caption":"Ceged"},"image":{"@id":"https:\/\/ceged.com.br\/site\/#\/schema\/logo\/image\/"},"sameAs":["https:\/\/www.facebook.com\/CEGEDgastroeendoscopia\/","https:\/\/www.instagram.com\/ceged_gastro.endoscopia\/"]}]}},"_links":{"self":[{"href":"https:\/\/ceged.com.br\/site\/wp-json\/wp\/v2\/pages\/305","targetHints":{"allow":["GET"]}}],"collection":[{"href":"https:\/\/ceged.com.br\/site\/wp-json\/wp\/v2\/pages"}],"about":[{"href":"https:\/\/ceged.com.br\/site\/wp-json\/wp\/v2\/types\/page"}],"author":[{"embeddable":true,"href":"https:\/\/ceged.com.br\/site\/wp-json\/wp\/v2\/users\/1"}],"replies":[{"embeddable":true,"href":"https:\/\/ceged.com.br\/site\/wp-json\/wp\/v2\/comments?post=305"}],"version-history":[{"count":5,"href":"https:\/\/ceged.com.br\/site\/wp-json\/wp\/v2\/pages\/305\/revisions"}],"predecessor-version":[{"id":632,"href":"https:\/\/ceged.com.br\/site\/wp-json\/wp\/v2\/pages\/305\/revisions\/632"}],"wp:attachment":[{"href":"https:\/\/ceged.com.br\/site\/wp-json\/wp\/v2\/media?parent=305"}],"curies":[{"name":"wp","href":"https:\/\/api.w.org\/{rel}","templated":true}]}}