{"id":11,"date":"2020-06-04T17:51:00","date_gmt":"2020-06-04T20:51:00","guid":{"rendered":"https:\/\/mrdavinci.com.br\/anchieta\/?page_id=8"},"modified":"2024-12-10T13:41:00","modified_gmt":"2024-12-10T16:41:00","slug":"nossa-equipe","status":"publish","type":"page","link":"https:\/\/ceged.com.br\/site\/nossa-equipe\/","title":{"rendered":"Corpo cl\u00ednico"},"content":{"rendered":"\t\t<div data-elementor-type=\"wp-page\" data-elementor-id=\"11\" class=\"elementor elementor-11\" data-elementor-post-type=\"page\">\n\t\t\t\t\t\t<section class=\"elementor-section elementor-top-section elementor-element elementor-element-1d0e3998 elementor-section-boxed elementor-section-height-default elementor-section-height-default wpr-particle-no wpr-jarallax-no wpr-parallax-no wpr-sticky-section-no\" data-id=\"1d0e3998\" data-element_type=\"section\">\n\t\t\t\t\t\t<div class=\"elementor-container elementor-column-gap-default\">\n\t\t\t\t\t<div class=\"elementor-column elementor-col-100 elementor-top-column elementor-element elementor-element-24dc2ac4\" data-id=\"24dc2ac4\" data-element_type=\"column\">\n\t\t\t<div class=\"elementor-widget-wrap elementor-element-populated\">\n\t\t\t\t\t\t<div class=\"elementor-element elementor-element-e83c44c elementor-widget elementor-widget-heading\" data-id=\"e83c44c\" data-element_type=\"widget\" data-widget_type=\"heading.default\">\n\t\t\t\t<div class=\"elementor-widget-container\">\n\t\t\t<h1 class=\"elementor-heading-title elementor-size-default\">Corpo Cl\u00ednico<\/h1>\t\t<\/div>\n\t\t\t\t<\/div>\n\t\t\t\t<div class=\"elementor-element elementor-element-2cd059f elementor-widget elementor-widget-text-editor\" data-id=\"2cd059f\" data-element_type=\"widget\" data-widget_type=\"text-editor.default\">\n\t\t\t\t<div class=\"elementor-widget-container\">\n\t\t\t\t\t\t\t<p style=\"text-align: center;\">Nosso corpo cl\u00ednico \u00e9 formado por profissionais especializados, estabelecendo o alto-padr\u00e3o reconhecido por nossos pacientes.<\/p><p style=\"text-align: center;\"><!--(figmeta)eyJmaWxlS2V5IjoiUzd1emdJNXZvQzFoTHNJamtvTnJMWiIsInBhc3RlSUQiOi0xLCJkYXRhVHlwZSI6InNjZW5lIn0K(\/figmeta)--><!--(figma)ZmlnLWtpd2kCAAAAxh4AALV7e5gkyVFfZnX3PHb29vYeeiKEEEIIAWJv73R3EkKoprp6uma6u+qqqnt2D6FWTXfNTN32dDddPbM7hxBCll+YN0LYwshCxiAEFu+nhXgYG4zFWxYGZCyEwNjG4M+fP3\/+k98vs169s9J\/3PfdZERkVGRkZGRkZGTvW7txmkZHcXg+j4W4sus6vWEQmn4o8F\/PbdpDq232duwAqOwHtl\/BDcVt95qAa4Gz0zM7gOpBeLNjA2goYBjYlLWmeJXkYbDneEPf7rgmv1zvuaHTujkM2m6\/0xz2vR3fbPL7jQwcNt0e8c0c9+2WbwdtkC4Flt2zhyB77eFTfdu\/CeJWlejbXofEy02n1UJ7n3knSaH6DcCCHdIcjWACkHzbbA7dnmIXCtn3nZAjy95sHHvHURqDzUJXaFNzMHXdgQLlfjIdJ9Mj\/3RCnp7be9r2XXQIt6n6KUHb+AF02iCJpmv1u3aP1pGW2RuYASBjx3f7HoBayze75Ktvu27HNntD17N9M3TcHoiNgW2Frg9ojTZFu95xlNgNu9NxvIDgpg8mLJZajUu+vdPvmP7Qczs3d5SQLQzVa9pNGKnkuxzaN6jSfUHHsUi4Etzsbrtc2fudHgbrKerV7Uk8HXcxKyEe8swgGIZtiNvhqsBv\/K7yBdk0\/T2bYxndfid09FrUqCo02e777KpbbsctsEbH2WmH6pu1ALZWkJocvmi6zR0b+Ib+JEc3sQp+x6TsS4HbCodKBrCttuk3C0z5gO3begb32TesTj\/Q9rzS7pN2f2CG\/cLIV9UoAB7o9LtOzw2ckEM86EXJdKkXcz1wOw4XWMDdmg5WE6NRVVBkQWKr7IHVBUgSzM3VAK1W0MDUddVuqjtdU82sAQ\/bdQCsOSfYpcEomsTa6Nhmvh1ayt4th9OTLaejBgkdtZI1+\/AwHmWK1p1eD5s3aJtNdx+doum7XonKlgv\/wAL2msPtTp96GdumtbdKqoXxnaWltsGa6zs7jt7xou\/BNdHKjruvAKgQah0COEJnaJkenbteYsOW61tq6zQotBmPZotomcym+CbfIBgZywpzApaYrrNnl05m9E5PDuJFf5osU3zjm5yG8JwbdicAIKERwgDtYlizabpcVBYNiwm6YL9SV3ZNxgMDY2QmrQWWqSZQb0Fic6i\/aGSI4l4LlovZrdicJEdTfFAIE9gljgpg0u2HGWhoZiuaQ0o+P0xFrbYMnuqbPkmG6fvuvnIhTqKmUfupvtNBzPGVteta1O4s4bBdRCg16rY9sNktc6nG9mw2iaOpO49zy9b7Pe3Z0BGfBdj2gGXQ3w59U8HGDeXwaqHVzNqzRfLsbLqMJvi8Y7fIVDEcnEBtLWO3HyCKO2pFy68H8WKZwGdJcz10VT7ddsPQ7QIyurPTNLZOF+lsgcVp2i0TsQIdwvLdAC7q+IClfdOmz2JdgRk4hNRQnompIHZY8A3gdU\/FiwYay+kAWhtgC8wW3WSxoPTCt7D\/1PpKBWA7IkzYvZ2Qi280o\/RY7zLDQjAFSZSuIdVO1J5U93o7IIldz2YrgwEbw2vyqKnZd+azxfJu76tZLkwApXMXEzlh32mq8WVOaNu5eTvR+ex0ubNIxlpIXTtkxZylgob2z1r5jRctl\/Fiii5wOZ7yLQQsFbikWqzT5cyP0+RZiC5MpNRRlin0kAUEhz6fxEGcTQoG9wM3CwehbXJdpQWf0CuM8xqnc89i+KyFdtdzfVOd1XBmLQZWWsaFiS5EVYAyj4kYOhrd0utTKNtGPHoaZlMaSBwHoQPzAtbcyhvBfsFs2laayZqdQolFxtv4tLyFpWtmP+Qhj1ng893TdJkcngP9tF96pmUPsVF1klFTnwXK6oYKLSAiqQicp+1h6A6zsA7TTOHE2MHaOkX8gOfbPmw+ZJ4GXPZ9NeNtBG60Navjqjyg7nBaUUXEZbc3hGcrNmG2IGYYOl0b8Qq47LpI9IZqDoaGdUcNX7V51AKu6w6cHmRraEwlLmvg8jAJOhlyO6XqRtM3uTM20bdn38w\/uwR04Oo0YytcRNM0KXV8AeIoso1wiNiEiJqdyaLpBPCOgQ1QtpANojWQqiAtbPluF5tYhahahZTHqHqFpqNRo0IpwtGa1w\/ampYJWy8puayNkqRFbZaEQtIlZoealknaKim5pMslSUu6ryQUkq5oRbEMYMqF3b9CzOVdXaFqkQ+s0AqpD6qRMmom9KEqLZf5cJWoRT6nSiokPhdb1LGG7AP2PBz3SPfNHnauyqOfb0cpkmS9vhu4D1j9bcdCh6CgHJFItSqowdNQZ0r4gr5ddNXJt0Jp6G9XaGs6DhX4ejBazCaTZrLQuwpyMjf9DFEEU1Q7Xn+LLbnkhorH2MLLGP32DQ+RUu9gCxJ4nipM7vQRyqSR4pKBwQCvCzmZ4VBUIJKTCQ4mWV+ITSGP8Mc4wJ9ahD91fXbh4zvA5Dn+GD5I4C4Jt\/Gndow\/dSUpWM7m+GBEWIRCzmd6T4HB6EbLRXJHyLWTa9eAy5Nrj6AxTq5dR1M7eYTE+skjJDZOHiFxzYsWiMrOdBzjO+PoNBkLvyJ0K0\/D0HkWTU5jfCNPVUr2fGG0YKVedBILWTuMTpLJOfhlyoAPwICQZTpaJPMlsBp5B9EiifDJ6Um8SEat5Oh0AdMixGe3CQFPcNSBK91OU90uAathVj8N5tEIfrbyrYfcwcV6ZoeUDM3tLAG\/h4AWF5cTrEpAeo57k4Jx2sLD1PpWv7aieQr\/Kj\/BBlApuUQzzBHDs5EeU\/UaCMMCY3ZmmSpiN0DCZHcArlXke7ndq2ohe8NfJHE4ggEofQJlZCxOweXAp5X3S+SDKsK24mipDPzn0kNGji5hXfcUS6aFYXkB6TVqg1YpiLaR3W3XAqfHRGfd9Zs9tBtmy2f\/ZrOnosGlXr9LlbZwATPRXsaRwynd19TtlbZu70eSz\/aqaaq87wFLtw\/6lmofCjT+sD9QV8TncGOifW6wr6oAz7OCfbbPx+KQ\/gLL6lLvFwb6mP6sthOQ\/iIerGg\/2\/V71O\/FNAraz8EBw6V8STNUd4fPbXVMzuOl3R2fJ+TnBfA1tC\/bw3GL9vNbSI3Qvryt2y9o63FfEWr8C5\/S7Ss93X4Rk2O0X9xpbRP\/EtdT7av8ULVf6unvr3l7PdrpkQ7CB9rraKnno37YIf4YWuKvNrf9AdrHze0B8SfQUu8nB1rOawZQCO1rtzv7XJ8vQ0u+16El35ebe23O4\/XWrkr6v8JqqY3wBstTuGn1ffJt46wlbiG4sW22tHy7hYsf2hba62h30D6Kto1hOZ6DlvJ323o+GG2H+nTa7i79BumRymx6Dk5ytO6u98STaL1d70nKeWrXe801tP6ud+0xtEFnt8vvwo5rkb+PY4XrMujaTd6N99FSjxvdvS7pN3sdldk83evvhWi\/EukI9Xoj2gDtVw1gcLRv8oKQ9CFa0t\/s7\/nEI99rsz3w+9tc91HQ9cg\/DrUecdhTCe4hlonrdzRA1QDt8UD3JwM972cGe8pfbg380Ec7QXsd7UkQIPIKMUVLfIb2UbRztI+h\/Wq0r0a7QPs42hTtE2iXaGmnU7SvQXsWBIjZQtxGS3l30FLeOVrKexYt5X0NWsp7C1rK+1q0lPdWtJT3dWgp720yCK5T4NdLa6A0fDsBivx7BCjzHQQo9O8ToNR\/QIBi\/yEByv1HBCj4HxOg5G8AoFT9JwQo+RsJUPI3EaDkbyZAyd9CgJK\/lQAlfxsBSv52ApT8HQQo+Z0AlM7fSYCS30WAkr+LACX\/UwKU\/M8IUPK7CVDydxOg5H9OgJK\/hwAlvwfAo5T8LwhQ8nsJUPL3EqDk9xGg5H9JgJK\/jwAl\/ysClPz9BCj5BwhQ8vsBPEbJP0iAkj9AgJJ\/iAAl\/zABSv7XBCj5gwQo+UcIUPKPEqDkHyNAyT8O4NWU\/BMEKPknCVDyTxGg5J8mQMk\/Q4CSf5YAJf8cAUr+eQKU\/G8IUPKHADxOyb9AgJI\/TICSf5EAJf8SAUr+ZQKU\/CsEKPnfEqDkXyVAyf+OACX\/ewBPUPKvEaDkXydAyf+BACX\/BgFK\/o8EKPkjBCj5NwlQ8m8RoOTfJkDJvwPgSUr+XQKU\/HsEKPn3CVDyRwlQ8n8iQMkfI0DJf0CAkv8zAUr+QwKU\/EcAVIj6YwKU\/HEClPxfCFDynxCg5P9KgJI\/QYCS\/5QAJX+SACX\/GQFK\/pS8u2qA1GqJ41pcEzJPsQzmlN1oPmeSI43DxeyEadlyhr\/G9mR2IKQ8OF\/GqahJXa4QRg3l62PiU2ZkyL\/G0TJSvOvIvpIJbogWk0Zz\/AzusUJuLDk20rn0OBrPbqcAjePk6BiX42Okd0gYx\/EySiaA6jFUTplLIHE8w+U5RrkB8NoyPlHFJ921fpYc4I43Iryhaqh62OwFQhiX\/m6HHCExWkSY26bYPFhQ5hQjA7uklBHGA8rOV4Qc0RDIno0ZE8kl8+zaWZImB0iqpKijyUrfl0UjRcKdiqflGmRP08PZ4kS8Uawnyuh3xIYCwmMkyVNqjrw9moKGm4PDHhCuagLSOmSdWJp18QDwaq33qri0mOGeARZospWyA8DlQ2U+i8pmq\/asuG\/OubRUj3iLuBKfzJ5JLEjxUC+EEdfl\/UwQuzBkEw4gjMat+FzAYQ5B7STTuB3TMhBvkNJMjmLIrSGDB6bTyqmoE9nXjA0kq6ggaWFbo+OIqXO8SOFissDUh06TwxspYfcsXqAwFYcRjIkQIGsTVa1SxZABTIwi8wTapDheZONocj4\/TnGuyLVxUShOcarIdf3ZAAOCBNttULVidm+TcvMwmkwOUGdpoSMVB\/LSMVZ5AeG3tmd3MMA7pNxqV0jCqB+gEDROxQ3cZRYTTCS\/+NSOcz7kdQ28zGRaCmMd3qhT84GQt5Pxkjcyg303AdQIFIatEzPTES5WwNYPk0W6tHJLYQoNeFcVX9vh9IWxNpqdnERQLNu15TVsILRVoRU28yEmquyIoS4Kj8Zn2YZYaxa2FIaxwMUSU5aylGTo+6eypFE7U0gvXt6eLW7lKkzh79EEg43ViLkiF5eXEQtlSExD0pip8KUMzk8OZpNMfKoQjItApuFcSEoBBm6V3FwBnb+F2WCDwrC52DwYGoZaKDkHDRkFSkOYO5RTAv34MMZ1FpM3Ng+TSbwHz4eXpqpTjWxgSDpSO0KsxK2UqnoQlYlPkYDIeh5ZG5MEwWVxTh3CWXB6wNvsAdhIEEvJ9ZrPplhmPdD66fRwwkrsFDxViRtJ2s+74jEizKbW2sq\/70YpVi8z1CinaqlyfnowSdJjCOO41DachXF00im14yDG3YNkz0PwXRX2HhSVsHd4mMZLrGZtEY2TU8bIehn\/GmiK+LeWzhdxNAbHesgAqBzSmR7OsBRK7q6Q49PMy7AlPESyGTua8Vkyysvoef2FCbqq40sLVyZ1iTQUDSUZXt2B1\/SHfh4QecnVH1vW\/lAdyvKuQbCjiSDHw2JnbgqtMUVnDDsmhwm2BlYbX2mZ70GQp\/chuHjZHgspAO+O0ERdswXKYHnNTBIuegxieeWshroR5pFz1jO0YG5khJx\/rWv2+upysp4psI3QdbRgQHLKKi5GKWbNIi+erXU9lxW57MlJXhCg51B8icuX0xzmb5wX2c35PEbgUPvFOCjISsr3w5QlycodpxfhLFY2VFwoVZsD3P1VeUOgKJg90spgXxUcDLb8UYBiwJub76IgokvqNg74xTLAuQ7PToWxkZ4eHqJ6BY9Xx6Ma4FUCla4iUVqIWnp2xG3S40GKRQSKRIme+kH4LTD3dMnoyxML\/dihsCmOBXeK4pQU6+BozRajOFBPbNh2t1KQNzJdBjuZMGE4rWHPtrN6n9nZN28GAGRHnUZ8ckGIWVLD60JG\/MWBgdhS7KDa9PQkwN6DnVKBcyTbb0hlUk0N6KWI0Een2K6LDFsfZWbemHMX4z3nMbG5gwiF9allg8hCVHFmeYgIWMDbSfkDhQ2Bvb5yluABBGE7pMasX2kHyd6TUezy3T1SjOy3ATUb7+iqVFBHaQBVNUCN7D1pTccuJa8ScPW5kIUseFolyuYxmgwwOWbGJcScUlKyT\/A2WJa\/8E0Zv7OS7HZ8DOeDfSBP+REXBFPAq8pwv21jf7SdTnPotvDuxm5U11Bk1z+xkOZiVIwZ4clyemROj2Ao5KIIdRXUSPAWs\/DzqFgL1NnRQUaAb08XCfSR4ySdT6Jz5YNbyLM1qlwO2nqT06Nkmo02Vwjshs90co8PbulpearPjyfR6XR0fI8PTpC9YiMAxCZQqwmwxh+a4MCfosP4G3XWwglUG0ZHWOlXz4+RtYg1YShAEx+fYwXyOu+bRK2CaoYnlnSNS0IFUk16chqpCTbYatJrShdfy0Dd8VoUvG+pU2ddQ5r8ZWV+vZGBuuN1+LI4YjYLRHd++QgxZwngkgI08fUpN8kA2TFaTfoKhIUiI79cILrzDWM4H7YGvA3nkryvgmoGM1Jvopwc1L5SYrp7u4x+9pRZDid3\/wWiZrZOEEnQf5WtJjVjFVOs1QD0wEWqZrf5pZO6OnyB88EVgmZqlcO72pow7EMXiJp5B7lf1ZUfruKapV3JJJ+Tw7rLgYdER4tofkwnwWpsiufeRdKMuwU1L8pviufdTdOse9x7DveXSvLA+PxVimbrnCRYpU6CBiwvQJNhurubqtid3U42xQuruGbpLbEXQxyltzA2WD6rimsW97j43QMWAyLUAfNC8aJ70fUnHjAMZOK2OhUvEp9dQTXDU5piRXPxYvHiAtGdvsbVrzpeIj6nxHR3QBWVrHahgHiZeMk9yPqDsOgZ5L\/BeLn43AtEzdwn3UI0EA+Ll+aw7hoQrVwUnis+b5Wi2fYP7v6xyUvFy+6madYbZ9nYpQFh2M+\/SNXsNxHpJx7xVLxVvrzEdPfTYIalNAkMX1DFNctXcodkt683i1eUmO5+Iz27h42NW\/AX5rDu+io1VUbet0vxyhzRfW+KVfqcoroovyiDdc8Q0XeMo0z95AQeJV4pvvgukmZ8s97tQZ7j\/LCUX7JK0nwRRzZVAEqxA8Xj4lWrFM12gFNmprOPFLVB+aUVXHOM9B2Ok0ABVlwrUd0\/VicuTpd18UgG6o64DCJWloRcv4ukGQ+5Pjvx7CReLs5RfJSPVgma50gvUU4k12OrJM13jN2f\/c7jdSIpEN35jMKz+IE9fKuKa5aJInnRmAc4WE6quGaZ8lxE2Fd3xVmO6L55qs52WgeVaPHVJar7F4cs13QRhptJqoI9wnJ6gaiZlwu9ULMWopYUqE4VqGY40wu\/DQ21UfPvwX1bKW6BilCntq94g7ijiLuo+vA3J9viPNVZlNKyTLzeKcWzSaqpnr4pUiykfg2g4oPqdfQtYzyBnuU9nDAv4F9bZR\/oBA6n\/1u5Y7LnSQtZyGza4Q2AE8QYX7fSC\/XvLE8jpEslx9tU4SljwZxHi5ihAhfXKtfXV7na8AXsIsSKKsvbqyzuAmuMkCfxcFEhBxOc8vH46XgxQ9c7ql297OFXPzqP8bxxsTPzLnGIotTF3hYOEKoujvESUulGiE\/FMyheVWhFJjvBGwndDlP4cSm\/QSLyZXdo5nHYiT6eTOa4mKrrbIDjcFl0fGPZUbqN2ovYnt8kEQCRzEQTJhGY7TfL2Zmqp+Bs1ouohHxLVv5oxjA93uIxMlb1WyXLQUgicejO5p34EKtXZgfYS9+2wuAzmt7F8e0lx\/ZsuZyd3EPKd9zNcy9B7yyZyp6EOQYesjEZ7qfvvJsnxNGzyvIuWotbDDNM4YuIOBFOAu6v75Lat+G\/urKC\/QvbKc9\/l0SAB2u2Kqqy8W6Jl6SSFmIBUOZ4d4XULCse3y3jqPjRSwc1CNgZ15Xy1yc9PDCNlNLByWy2ZCEHn71XJtNjuBVLuZNAx2Is13tycqACZtnxvrwjxB4ryT+Qk20VXsqO9xcd6ugqO34w7+C5UZI\/kJMr+rT4cxOqgf6fk0ladMGm3wNcd+aU75UpIWWHn5Z4MVPoqt\/9ojzNa1QwQzUofZ+c4EyEjbI9+GY8sOFLWNLVN94BahJw8Cws\/VC2pAHHqCznz0ucspWuMlD+rMRTW5KuxsgPyljZjUY1UxQACID+I+AMZodIg6BVJgrkHwW5N5v252Mc2ZmIH8vUhMvBP0aKG73Cw4YflTScBpjCT0iUOOCIx8lkDLWayRlCA2tTP1lxLg8BL16c4YGAcjHET1HQFKuITmXeFgxckvirwC3xM\/R\/HS2yqth7JSadKiHF5flDEiZSkQNq4dsQ7KKNZ8By+DA5iZFWwEc\/VOXsRkDwv9pRvyCB5D2VzfBhOY5xYE0VjtsLFgxJCj74pUo1SeduyOV+Wd7T57YLTvjdr8gou7t\/WOKVEdZaPbo6KgcaZI7RwPvjFDPFsQFUTe4DEk+RszOlSB6WVcf7JI69rIO38CUE5wxYql\/L+0p1nHLOeAfGM+YFDrMsqb1f4nlTHQmZblt45VzCvfpY3M6K1ut49tQXf84IU5YfwVvfEYLd2J26YUv\/kCcVc\/mbBf3wcKXjtyoLGBzPTifj4ARniamenuimvy1T5hM6u3g9nk4VWt4qsrQJa\/i7ugvKqXy97Pg93bGvXj+a4vc1qlNt4B9V5kBQUXUbHw+uc73XsLqsI3wsx1W8+QM4cBaNyb6FR9gkta5D0z\/M+eLxIDPQFh5ktYG4UEW55Fel\/GOIgfpwy0VwOudWzqIUI5PJ45KBl\/nDx7W6WZaF\/chJNfGcWwhIMwmfRsCfyOJ1CMri1fdWfB4ukqMjbOCPSfEJ6B9w5+\/AE+bg\/9NyQ1YcJ8U7tvykPJthh9pnmL13jDdL2ufP4C0oTfY\/TYD8lNbfW2BFF+eF\/n++QlbL6+CNNEXG+Be6K5txpev14r9lXYxD2adQmz81\/Evdk626r9Z2U\/z3Fao+y0H+H5KuzmyNafV2jAkg+CBkYqJ4APqf+is1iho+iCeHSG3\/KstJOjBlitAg\/xcZM8t5OMXheucDlsuQ59H4vy7lX0vunQ5SQ7X0vyHF38jgM3yEiuQ8I8K2uviGN0tphFUxBt7q0iUcsiHkwekEmodYLvERyUIgEwtEBWS88Vk8AYt65kM2yN9Doqq7XX4gaq7ftH1dLu73SkQ6vSbeAgCVLyMVb4ACun6HEZDF\/A7G1R0pdpusJamypgq59eJ7W\/Eaa0kpJwQZYVxWSCvxGrMpOirhurbqwvV7eGWjjCvlwbBW6GIqkcLQ5TfFVuSvlZAUghUplFFSqlqsJFD1kqccsKLFPaMbC\/3ZaajEtFhMzyn6fNxgdJrcM9RvXjwyLpUDXjiOt7S+LcQh9qO6eDkzYlMfvKKxZ9\/cdk2fHgB32Ou5+6hP81fDKEyrdyF5Y9u9gVcdG7DhBY+hqQX7Tmi1h5767WV9r1wagyVjvvHjMUHCqoqajfVRLG4bSuu4ZBj6QVvdObAExiCJbzOmwdFG0fQsSplfIRnHWYXHYCHnSEcmmOEZ+DA1Q+HNmFNncbGmP9rR0urqH\/JQlP63PK8QUvcroZ3ZSJkQBjUqZOx5vQx8er9xt0RrkoxuCTxejnEK4sEbfsrvta2LJZLGFLMHf5bO4PTTKaERamPgQNSrK2RtpqFsBHk8W6bz2TJDjfR2NM\/g2t0f65DQmGks4\/pMAub5NnDK7ZX11bPPthF35igJLZ0xrmiiAVun2F9IYRBbYEvjAPsswK04ZtUfw2Wjp+JTeNMNCy8s7xPCaLn+fuZcvo1Ht4BeJHFPU4HKw9cHKuzivoQR1mbYLmqwv8Cj3jS+XSDGBR2b1LEGKJ8NKJhLkrY1pzPtxbfvmgImNS6U+0vsxVUFPL5CwLv5m1AHD4FKbXPb9TUoLbfbdUKNGKuf7sXnhyy38F1ESfkrTAA2P4ICvDkaSwSIdBmdzIFkz0TZkYlPDlZnlRvWQVy\/A2czUsVfuBLeY\/TYOruHH6CYsMyNqhXCgSfkRXIAO+Aq+9ewqBaaKZGK\/40gXlWyrjwc+V+5Vxp9RBctRxgPrvwrgiyE6Qg+pSHw\/jPKCgB1xL6jWMe2Brev2uZ\/BPufqF36cbzFpPnew2G8MTvAQGdQS6zLzXHM6NHTMi9h9bCgai+myHPklp5Gvv9S8QkpEeFXd0sqPinlfRhqAW23xBVll5wn8xc4z\/0rdO8eOwaf++LqMmfJxTe5G7EJHpgDKxcmFf9HygcDKIyjH08MT53GqDHy\/REnAmbXyyIFagNIU7HOJGj7pt14GUFGJAx5gHdRpIrxhKk0PQD27sL4sKkwHqaG8EdZXQ4DKiigNi0l4goh67RBjv9fKRtKtjiTaylynmiSWXk9GiFXSkVdbKS86wSxqkSjZzPHQw77pLiU4xZSUyyMIr9WbM1hSR6tDXFZgZnmA\/4oDCjyVm4ZCLyiB\/ai88ksGoNwf7pirwSK\/j8pr1YmUpjm\/+OV6hCSBki8MHXM90El3Uk9GjiaTM7d02WajGN7OprAQ3ASqk0qxUOK0YMJEex88fDfAlMQAADdWXd0F1XavjM3+SWhhSZIDx2kd4TMHUBQULDhQXGlBIwQIARJKLokBAMhIGURhEVQEDYiu6BgpSWAIlUUXVZpQhBpgnRQFPR7nncmvwznO+c73+6fy4G8T+a9b7lvu3cGy7KVVhHaUspWEVZk15TBY5ITR6apkBU9USkVo0qrskpZStapmirCjnw0YUhiXIuiFSVI8EdIrEWBcsQtMz7fs6fwHx+Mg6LyV0pRkwVNJSO7paaNHpM2ZnRC3OCU5FEjEtMS4kYlyG8jU8eMSEtIjUuMSxyfkJyYGvcs0MhnU1IHp4xKSoh7NmlIYmpa0tiEDnAjSvmOFM9Rme2zlCrwPJpuqR7i1DQrc3hJVUo8uwv8uAqqoqo0CZzKZFdV1ezqqoaKg1O1VG1VV9WzLITD25HmD0TGUvVVAwgXWA17pYxMS00cPTohTfVMGjI0TRU9aOI9uMfq9r+39u\/vLaJwQ5GWla7U7awJ7pN2zhbVXg\/7qtbhCHKi8KN0pAp1xV84XbgKOQUjDoyMxlP7KMuyX1INZgQ5Vij9m\/FnkVc7Sy1+JMixQ+mPz1ygLA3OM58EOTqUnp82V1kR9mR1qFKQE+HbscFp+mKQE+lro8ys94OckC+j7SnqckyQE+XbiQQnt26QEx3K+DXjHmWFwFlyh9cxoXS7UZSyosCpNijIKRbKuNGgqrKiwRk+LcgpHsr42yhHWTHglPkoyCkRmvjwoNLKKmZnZz5tBTklQxmvLeyrrOLg5N4Rg1Kh9Pn3FVdWCXCiawc5saGMWytbMDrZmVntg5zSfnQiwTl8f5BTJrzT7MwDfwpyyvo7JadiYpBTzufQ6z4jg5zyvte0Mzs7yLnLt6PBmbEoyKkQzkJ25nMrg5yKvgw9GJwf5NztexAFzrIdQU6lcBayM3scDnIq+1koCc7iy0FOlVDG2LlPsXqnbvkxIsip6ldvhD21U1bJIKeaX1XFITPzjvxU9\/Njg1OjepBTI5yFqVseqhvkxPk7hQeddjcLcmr6HoQgM+iOnNbyY1ACMrYT5NT264Aymx8IcuoEZAb0DHLq+jKlwDnYJ8ipF8oYuCHG89oaGOTU972OgUzmsCCngV\/XsLNldXqQ09C3w50Ozwly7gnsVM8Jchr5XsdCZvmrQU5jv95oZ+ebQU4T3w60dcpeFeQ09bVRpu7aIKeZL1MSMic2BjnN\/QqhBxE7g5wWvgfR0NZwf5DT0q837rT3sSCnlb\/TKMicOx3ktA5X79ROmy8HOW18bcUgc+ZWkNPW96C0nRM39Y7qbedXYqSdU3AsFOS09zMXgkyNEkHOvX50YiEzslSQ06HIztJJ5YOcjr6dMnbOwEMVgpz4UEbVZv0Y65yCW1WDHMePtQVtf6oV5Bg\/OjZkVtQLcly\/f+BBgXNPkNPJ96AstM1vHOR0DmVE9CnlxaBViyCnix+DcohBatsg577QhNcWLlTRMTGWVXTm+oewsicOKt1el48+WbrcqGeX75qy6Pkvr69f+PuMNtWHRKjIAxFKNVZNrYlWpmVNstRLlsqy1GRLTbFUtqWmWirHwk1BLbCsXFx3dltqj2XvtdQXllKh8uOU1f14ZTdzWLxjE+BOoOw6h286oB5o3aqVa5tiFd0wmDGivmv\/WK+FCYP207Ya++3txd0w+DXj70ZYYRA2QaBu4qp0\/0epJqVs1kYNzQJur7zs\/OWTMfG6zuEXHITXSZrzU3zd0CTHvnb7Cecfl792dMvoVc4PuYucnu1iTNKcZEejRk3xb2tTTqj+pfdyAcu6fWTsRlMdPWDDLhjf5JAWPFLSyIOllZuZIzfzTb\/ZXYwevukDUymij+kyMNckdhxgdKWI+Wbt6KGGSmutGW30sm5tzcdX003DZ2LNnjenGJ1wcp+zsccMg7Q5X9VaZPRbi7o6Z35baUjn3b3Ne1D82xNm8pbdzvnHfjF685LK5tKKkJt8+s9C9aMzFwg4sHwNtq9dcezIzd+h9KBp3eqqsa98vdf0XnfUYJd55reMH+HU2+bA8ktG56XNNR\/uvGG6H39RqP4srrmA551i5tPrZ4zu8MFO5+tahw3pW4vgEEHNNe+Z+z+66lCP5mYeX\/eG+XP5pjC50OgrX\/cy127PgzNZ2Olso\/\/Za5kZsGGaSXc\/lIfUYZAcROsbU6VZP6Nv9j5hymV1MqSRfUp5D7Ax5653dkBHrGSMshsLs60uoAq7H9+A5EQ5+sd6axnleFoq\/u3yjvrLn+fKsnl3TxaqmSGCmFVVPREUhZM6dA6Lw2E+bYIM97qxoSA+DPa8GekKKwxO7avl2md+a2jCQFjMWhiIOFlh8NeRZY0mYA3RmfXVpzj6RoNnzLj8Gs6lFdlC9bj8JQI+i1tj5t\/3Mkvd26Kahf02fa+aQcl4hTSh\/AUkc5jJHXWbSZgtRcAaJLUJ+t57zdizFrxjhm+6ZvSDJV4SkH3uMTNm7gEDWzXMKz9toj3aMjYB+lXZORUOep1LIJui5TCgC+ow\/PksrrQrTwmwXiFkugh0GXjS0W37\/2q+GZ\/kTO9cgKrYH6+P1tkumTi1b5lQzQog2Lq7psmp0NfRez\/\/3Hn3geMOaac2\/Y1NIHZeW1jJc4Ngf69BRhPUbxFt7nrnARPb5D1HowzMGxfrO82\/+5tQnX3uKwEto8+jrbaxtbXLLiJlFdoEopXbIFBrMVceHvQXCSUC94mAmFVHWPVG73joZ7N5ySFD+s34lcYmwKaVzS4D9cCusfmedVS2U+ap9QY1HK8Xb1squ33lpwlCNaaMgMSOx5xHZ1Z09O2VzzuoA4f0+xfLG3lgij1pTLFvkZZMo3\/IrYJYzjNMKSmy8l0R4KzUBPHHvjQ92+2SrtJsPnZ2ZJ9ZQvWMEUMEsJZQ1waJCZlqT\/8grY5MGTtq0qvOjBGnjWYiyzx105S0G2FIWy7ac7CEpDBGyqIr4j0HJ0Hb\/htgfJoXgUsrtjv0iNUjPmIcG7vf7JcESDkTsEm6DEw0mrHo8EF3jNFjTqOpFbwHTB5\/kXHMgU0zhXaVpS7bypre2Yuu5rwlSHfbYDJcj9fvv37RwQNOV+fjq7cdDKHuDrWQyjAmeLLUasMVK7fvMSJS0j6HudXGJJ\/+zYhSbpdWSHW5rC0CWA3TOytXs9\/Zdqf22e6NBkeMXWvNFYT8C6MZ2f29vjcVD36BQjhvdO3D683ybjcgt1SoZgQI4o89goJF2B9fV92srnoIabZRQ1uMNMYLZ98ypOIyAdyWFVGT7vJEGCfqQE87opTVTyukYpaAfqBXHHEMk86hpyhvx6bvnFKymfOPtXe4O6yIl+0ihhupjFStRp9w9vMXlqmAvve2hub\/d8i7vrxKQj7\/Pj\/kPKGoQ0JOpYwwrZDiQNwm4NS+770Vi7cplyL\/Gh\/jio7YJmVdKiUVKwQ0yxXiB0XoGHWIp1SKBxtphdTbFcOEQssTEDXpXzj3Zzqac5f1TOMsR72+eqQ7YEMPTPRIzx7BkOfeEvcshbxRhKcxdUhmqZSpphVSzbYmqHjwYW8FE0kRZlZ0MNVUSipWCGiWK8QPitAx6hBPqZSu0wqp+h0d0n5aZ5fxw2B+WgBuKO5ncZeM\/nDnWBe3IwyFsajdxcYmwDBTOMCSisDqqq\/xJEtydaMduGf0dznr9L6fe7vcwPTOnYTiFtJQwMRhVSFyiEdULKKfx+Pc5RCyCaBUYQ7YRUDUE1D90soXvZsLDiKJz62Va4UiY5MFwK70iJxmVE8q6gmg1DvEQD3A8Y4JFDjNOJ80ylwO1K4vj\/AO1IST3mTj2CTFQXNQANvklZ9uybhEmZ03NaYUd5ELr8xYiNM7x+F2hsqctaCpRLgw5God2gWdJXr01t3HBcAzb\/nSyrEij3HmyvyhIg4kUkk5Ae69sgIijoigw7k9FzM8XpSygGmFFIFbKOCP\/eMxWk\/G6wsTXN69cMLU8Nqd4NKK+\/MlPGEQDk8YbOyBPbKNOBJRGlLeeszcv0I6BLe8bXmXMlabRIwgtskVrx67DIxEHLbjxlvClYrNSysnnUMqGyRgkXOFVD1FqIc6pC\/4C\/NOK6S4Qi0WMOnVLG8FT0quatu\/g9c57AsqJRUrBDTLFeIHRegYdYinVErXaYVUNVMWo\/LxVceVgIUBIu8VFqgHyFLvItMto0u4R25mGJsHKoG0LC4DZt7dEWwDg3TVlGsCq1gOS3pAgzxFSRFwb\/zkpf3TYBY66LyzqPElzh\/7f8Hl46wjN60nTuQ6mlHAZcL5IfcwIjo3XvM1irkP37Qw7wXseKidN\/f4qoQHd05oVhipxIqAw5QWZLrSJquUrz5SAbjcIXghl5VGKi4TsC1lBa9HLBp6KlXE9CbNWS1p5tXXLgwVo7wQxXXD8OVNwN7Pe+J4OOs1OK8ODB6SZTRmldyT+WqE\/Rr7woQ\/uHGjsRVDDseaLOXBW6XZd4ZtJcrY1tReaE6us3\/sX4fl2AGdJYApbzTWXFNWRiMpa8MmQMKV\/cQJXBfxR4DMLgLOLt61ZXZ1anNUKpQ2STE5sgXwZZFBkq39R7MrdShmV5mn7pUL3Puvp3izizGg+4X7wf8s4GJU4Gnk4Jy1YKS83Xiq0brxoMquMWU4+mKasfnSLDZwifMApWTjvAvIEyZVwN8vv+JJ7Rr7u2ei0JbMu+xzZTD20S0EeKZs9jSoB1Agju5+\/FfsPx2X\/aPcSVHlVmn2ulDcC1IE8B1fKhfLpHLfuLji\/6hcTk+uYN5FhJmlDpjlZSNF4kMrpLgsbRXAUskchhmPLxeY7+fkaC94ZK+xCcK7IfgvvSlsRTuES47VGAZInFeNoB4gS1k4Ds3ROvVczIOzDgHeEp1Przdwcbauw8tXY5f04UHNvQfDN7WWFYe+aOeJdD\/ewaUOUnzTqCgA48zICn6XuHa7NbqxOb5cQAfBxh6NZUXPdg09EZqlDlK1JUJZPE\/onk2ANwsHvVHOxYeFPL7zoczz9ZDnTmGCPJjPrzakuORmCuBBiWtovkZy8PJSLR+vbw6KIc\/G+xQevJ6Hw6gSvl6dzuMrNV5C85HPKQZfGPL58kmq2d4EOGkNBkie9sqrXx4pRptjE\/D7g+alglN2XP4xpK6ng0vQJwYfqeI7tXlDKKb18wLgFd7BH3VQwBcR2VUyvlOHlvFqHrLSBG9vf9l7wI8jXMEbv4jw1kIdtChK6QOtkOqUsp8KWLytwFvBvqYIPkO41GEThKNKwPEibwQOrhebBfALA\/MM\/ZcxmS46HM4oLaNfOMuzoq8hFR8JStr\/MFxB4yLCb07UsXb0GSNKWfO0QopGLXpVkhWsaIqwxEUHa55KScUKAc1yhfhBETpGHeIpldJ1WiFVDypryHMh2aHND0ooeGXzAxQoB2nXjsJiXQnAi6l594EER1765EmhuMrFzZse8H6GI3ylAHy0wfw6zcmU7MxacAGzLxkN8bP3oFyWcrli0qv4pkcRJoU6SCWPBDiicPXBCuafIqSig4BKuUKsUIRmqYPU8wg73SjqCWgP3xA5XpNZWfGk6Hp+Lkt2cNI7XCEjgyIsV+ogFfUEtCcr6ABFSEUHAZVyhVihCM1SB6lS\/wM=(\/figma)-->Estrutura completa para consultas e exames de endoscopia digestiva:<\/p>\t\t\t\t\t\t<\/div>\n\t\t\t\t<\/div>\n\t\t\t\t\t<\/div>\n\t\t<\/div>\n\t\t\t\t\t<\/div>\n\t\t<\/section>\n\t\t\t\t<\/div>\n\t\t","protected":false},"excerpt":{"rendered":"<p>Corpo Cl\u00ednico Nosso corpo cl\u00ednico \u00e9 formado por profissionais especializados, estabelecendo o alto-padr\u00e3o reconhecido por nossos pacientes. Estrutura completa para<\/p>\n","protected":false},"author":1,"featured_media":0,"parent":0,"menu_order":0,"comment_status":"closed","ping_status":"closed","template":"clinico.php","meta":{"footnotes":""},"class_list":["post-11","page","type-page","status-publish","hentry"],"yoast_head":"<!-- This site is optimized with the Yoast SEO plugin v23.4 - https:\/\/yoast.com\/wordpress\/plugins\/seo\/ -->\n<title>Corpo cl\u00ednico - Ceged<\/title>\n<meta name=\"robots\" content=\"index, follow, max-snippet:-1, max-image-preview:large, max-video-preview:-1\" \/>\n<link rel=\"canonical\" href=\"https:\/\/ceged.com.br\/site\/nossa-equipe\/\" \/>\n<meta property=\"og:locale\" content=\"pt_BR\" \/>\n<meta property=\"og:type\" content=\"article\" \/>\n<meta property=\"og:title\" content=\"Corpo cl\u00ednico - Ceged\" \/>\n<meta property=\"og:description\" content=\"Corpo Cl\u00ednico Nosso corpo cl\u00ednico \u00e9 formado por profissionais especializados, estabelecendo o alto-padr\u00e3o reconhecido por nossos pacientes. Estrutura completa para\" \/>\n<meta property=\"og:url\" content=\"https:\/\/ceged.com.br\/site\/nossa-equipe\/\" \/>\n<meta property=\"og:site_name\" content=\"Ceged\" \/>\n<meta property=\"article:publisher\" content=\"https:\/\/www.facebook.com\/CEGEDgastroeendoscopia\/\" \/>\n<meta property=\"article:modified_time\" content=\"2024-12-10T16:41:00+00:00\" \/>\n<meta name=\"twitter:card\" content=\"summary_large_image\" \/>\n<meta name=\"twitter:label1\" content=\"Est. tempo de leitura\" \/>\n\t<meta name=\"twitter:data1\" content=\"1 minuto\" \/>\n<script type=\"application\/ld+json\" class=\"yoast-schema-graph\">{\"@context\":\"https:\/\/schema.org\",\"@graph\":[{\"@type\":\"WebPage\",\"@id\":\"https:\/\/ceged.com.br\/site\/nossa-equipe\/\",\"url\":\"https:\/\/ceged.com.br\/site\/nossa-equipe\/\",\"name\":\"Corpo cl\u00ednico - Ceged\",\"isPartOf\":{\"@id\":\"https:\/\/ceged.com.br\/site\/#website\"},\"datePublished\":\"2020-06-04T20:51:00+00:00\",\"dateModified\":\"2024-12-10T16:41:00+00:00\",\"breadcrumb\":{\"@id\":\"https:\/\/ceged.com.br\/site\/nossa-equipe\/#breadcrumb\"},\"inLanguage\":\"pt-BR\",\"potentialAction\":[{\"@type\":\"ReadAction\",\"target\":[\"https:\/\/ceged.com.br\/site\/nossa-equipe\/\"]}]},{\"@type\":\"BreadcrumbList\",\"@id\":\"https:\/\/ceged.com.br\/site\/nossa-equipe\/#breadcrumb\",\"itemListElement\":[{\"@type\":\"ListItem\",\"position\":1,\"name\":\"In\u00edcio\",\"item\":\"https:\/\/ceged.com.br\/site\/\"},{\"@type\":\"ListItem\",\"position\":2,\"name\":\"Corpo cl\u00ednico\"}]},{\"@type\":\"WebSite\",\"@id\":\"https:\/\/ceged.com.br\/site\/#website\",\"url\":\"https:\/\/ceged.com.br\/site\/\",\"name\":\"Ceged\",\"description\":\"Centro de Gastroenterologia e Endoscopia Digestiva\",\"publisher\":{\"@id\":\"https:\/\/ceged.com.br\/site\/#organization\"},\"potentialAction\":[{\"@type\":\"SearchAction\",\"target\":{\"@type\":\"EntryPoint\",\"urlTemplate\":\"https:\/\/ceged.com.br\/site\/?s={search_term_string}\"},\"query-input\":{\"@type\":\"PropertyValueSpecification\",\"valueRequired\":true,\"valueName\":\"search_term_string\"}}],\"inLanguage\":\"pt-BR\"},{\"@type\":\"Organization\",\"@id\":\"https:\/\/ceged.com.br\/site\/#organization\",\"name\":\"Ceged\",\"url\":\"https:\/\/ceged.com.br\/site\/\",\"logo\":{\"@type\":\"ImageObject\",\"inLanguage\":\"pt-BR\",\"@id\":\"https:\/\/ceged.com.br\/site\/#\/schema\/logo\/image\/\",\"url\":\"https:\/\/ceged.com.br\/wp-content\/uploads\/2024\/09\/ceged-centro-de-gastroenterologia-e-endoscopia-digestiva-logo.png\",\"contentUrl\":\"https:\/\/ceged.com.br\/wp-content\/uploads\/2024\/09\/ceged-centro-de-gastroenterologia-e-endoscopia-digestiva-logo.png\",\"width\":202,\"height\":70,\"caption\":\"Ceged\"},\"image\":{\"@id\":\"https:\/\/ceged.com.br\/site\/#\/schema\/logo\/image\/\"},\"sameAs\":[\"https:\/\/www.facebook.com\/CEGEDgastroeendoscopia\/\",\"https:\/\/www.instagram.com\/ceged_gastro.endoscopia\/\"]}]}<\/script>\n<!-- \/ Yoast SEO plugin. -->","yoast_head_json":{"title":"Corpo cl\u00ednico - Ceged","robots":{"index":"index","follow":"follow","max-snippet":"max-snippet:-1","max-image-preview":"max-image-preview:large","max-video-preview":"max-video-preview:-1"},"canonical":"https:\/\/ceged.com.br\/site\/nossa-equipe\/","og_locale":"pt_BR","og_type":"article","og_title":"Corpo cl\u00ednico - Ceged","og_description":"Corpo Cl\u00ednico Nosso corpo cl\u00ednico \u00e9 formado por profissionais especializados, estabelecendo o alto-padr\u00e3o reconhecido por nossos pacientes. Estrutura completa para","og_url":"https:\/\/ceged.com.br\/site\/nossa-equipe\/","og_site_name":"Ceged","article_publisher":"https:\/\/www.facebook.com\/CEGEDgastroeendoscopia\/","article_modified_time":"2024-12-10T16:41:00+00:00","twitter_card":"summary_large_image","twitter_misc":{"Est. tempo de leitura":"1 minuto"},"schema":{"@context":"https:\/\/schema.org","@graph":[{"@type":"WebPage","@id":"https:\/\/ceged.com.br\/site\/nossa-equipe\/","url":"https:\/\/ceged.com.br\/site\/nossa-equipe\/","name":"Corpo cl\u00ednico - Ceged","isPartOf":{"@id":"https:\/\/ceged.com.br\/site\/#website"},"datePublished":"2020-06-04T20:51:00+00:00","dateModified":"2024-12-10T16:41:00+00:00","breadcrumb":{"@id":"https:\/\/ceged.com.br\/site\/nossa-equipe\/#breadcrumb"},"inLanguage":"pt-BR","potentialAction":[{"@type":"ReadAction","target":["https:\/\/ceged.com.br\/site\/nossa-equipe\/"]}]},{"@type":"BreadcrumbList","@id":"https:\/\/ceged.com.br\/site\/nossa-equipe\/#breadcrumb","itemListElement":[{"@type":"ListItem","position":1,"name":"In\u00edcio","item":"https:\/\/ceged.com.br\/site\/"},{"@type":"ListItem","position":2,"name":"Corpo cl\u00ednico"}]},{"@type":"WebSite","@id":"https:\/\/ceged.com.br\/site\/#website","url":"https:\/\/ceged.com.br\/site\/","name":"Ceged","description":"Centro de Gastroenterologia e Endoscopia Digestiva","publisher":{"@id":"https:\/\/ceged.com.br\/site\/#organization"},"potentialAction":[{"@type":"SearchAction","target":{"@type":"EntryPoint","urlTemplate":"https:\/\/ceged.com.br\/site\/?s={search_term_string}"},"query-input":{"@type":"PropertyValueSpecification","valueRequired":true,"valueName":"search_term_string"}}],"inLanguage":"pt-BR"},{"@type":"Organization","@id":"https:\/\/ceged.com.br\/site\/#organization","name":"Ceged","url":"https:\/\/ceged.com.br\/site\/","logo":{"@type":"ImageObject","inLanguage":"pt-BR","@id":"https:\/\/ceged.com.br\/site\/#\/schema\/logo\/image\/","url":"https:\/\/ceged.com.br\/wp-content\/uploads\/2024\/09\/ceged-centro-de-gastroenterologia-e-endoscopia-digestiva-logo.png","contentUrl":"https:\/\/ceged.com.br\/wp-content\/uploads\/2024\/09\/ceged-centro-de-gastroenterologia-e-endoscopia-digestiva-logo.png","width":202,"height":70,"caption":"Ceged"},"image":{"@id":"https:\/\/ceged.com.br\/site\/#\/schema\/logo\/image\/"},"sameAs":["https:\/\/www.facebook.com\/CEGEDgastroeendoscopia\/","https:\/\/www.instagram.com\/ceged_gastro.endoscopia\/"]}]}},"_links":{"self":[{"href":"https:\/\/ceged.com.br\/site\/wp-json\/wp\/v2\/pages\/11","targetHints":{"allow":["GET"]}}],"collection":[{"href":"https:\/\/ceged.com.br\/site\/wp-json\/wp\/v2\/pages"}],"about":[{"href":"https:\/\/ceged.com.br\/site\/wp-json\/wp\/v2\/types\/page"}],"author":[{"embeddable":true,"href":"https:\/\/ceged.com.br\/site\/wp-json\/wp\/v2\/users\/1"}],"replies":[{"embeddable":true,"href":"https:\/\/ceged.com.br\/site\/wp-json\/wp\/v2\/comments?post=11"}],"version-history":[{"count":11,"href":"https:\/\/ceged.com.br\/site\/wp-json\/wp\/v2\/pages\/11\/revisions"}],"predecessor-version":[{"id":623,"href":"https:\/\/ceged.com.br\/site\/wp-json\/wp\/v2\/pages\/11\/revisions\/623"}],"wp:attachment":[{"href":"https:\/\/ceged.com.br\/site\/wp-json\/wp\/v2\/media?parent=11"}],"curies":[{"name":"wp","href":"https:\/\/api.w.org\/{rel}","templated":true}]}}